{"id":3506,"date":"2024-07-08T01:44:37","date_gmt":"2024-07-08T05:44:37","guid":{"rendered":"https:\/\/olifecoach.com\/esp\/?page_id=3506"},"modified":"2024-07-08T01:44:37","modified_gmt":"2024-07-08T05:44:37","slug":"faq-preguntas-mas-frecuentes","status":"publish","type":"page","link":"https:\/\/olifecoach.com\/esp\/index.php\/faq-preguntas-mas-frecuentes\/","title":{"rendered":"FAQ &#8211; Preguntas m\u00e1s frecuentes"},"content":{"rendered":"<p>[vc_row full_width=&#8221;stretch_row&#8221; equal_height=&#8221;yes&#8221; content_placement=&#8221;middle&#8221; css=&#8221;.vc_custom_1708712268769{margin-top: 0px !important;margin-bottom: 0px !important;border-top-width: 0px !important;border-bottom-width: 0px !important;}&#8221;][vc_column css=&#8221;.vc_custom_1708712321363{background-position: center !important;background-repeat: no-repeat !important;background-size: cover !important;}&#8221;][vc_column_text]<\/p>\n<p style=\"text-align: justify;\"><strong>\u00bfCu\u00e1nto dura un programa de coaching?<\/strong><br \/>\nLa duraci\u00f3n media de los cursos es de 6 a 8 sesiones, incluyendo la primera sesion (In Take) y la sesi\u00f3n final.<\/p>\n<p><strong>\u00bfCu\u00e1l es la frecuencia de las sesiones?<\/strong><br \/>\nSe recomienda una frecuencia semanal o quincenal<\/p>\n<p><strong>\u00bfCu\u00e1nto dura cada sesi\u00f3n?<\/strong><br \/>\nCada sesi\u00f3n puede durar entre 45 y 60 minutos, adem\u00e1s de la reuni\u00f3n inicial (In take y la sesi\u00f3n final, que duran dos horas cada una.<\/p>\n<p><strong>\u00bfEl servicio se ofrece en l\u00ednea o en persona?<\/strong><br \/>\nEl servicio se ofrece actualmente en l\u00ednea.<\/p>\n<p><strong>\u00bfSe pueden tratar varios temas en un mismo programa?<\/strong><br \/>\nCada programa se caracteriza por un objetivo concreto, y para alcanzarlo es posible abordar otros temas que se relacionen con \u00e9l y se consideren fundamentales para su consecuci\u00f3n.<\/p>\n<p><strong>\u00bfHacer el programa es garant\u00eda de alcanzar el objetivo?<\/strong><br \/>\nNo, es una garant\u00eda de tu crecimiento si aceptas abordarlo con apertura, esto sin duda te acercar\u00e1 a alcanzar el objetivo del programa y muchos otros a\u00fan no planteados.<\/p>\n<p><strong>\u00bfCu\u00e1l es la diferencia entre coaching y terapia?<\/strong><br \/>\nLa terapia es un apoyo para superar el pasado, el coaching es un apoyo para vivir el presente y crear un futuro mejor.<\/p>\n<p><strong>\u00bfQu\u00e9 tipo de informaci\u00f3n proporciona el coachee durante las sesiones?<\/strong><br \/>\nTanta informaci\u00f3n como sea necesaria para crear un plan de trabajo realista y fiel a las necesidades del coachee. El c\u00f3digo \u00e9tico del coach prev\u00e9 la total privacidad y protecci\u00f3n de los datos sensibles.<\/p>\n<p><strong>\u00bfSe puede detener un programa y reiniciarlo en otro momento?<\/strong><br \/>\nCada caso es diferente, te recomiendo iniciar el programa cuando est\u00e9s plenamente comprometido con la realizaci\u00f3n del objetivo.<\/p>\n<p>[\/vc_column_text][\/vc_column][\/vc_row]<\/p>\n","protected":false},"excerpt":{"rendered":"<p>[vc_row full_width=&#8221;stretch_row&#8221; equal_height=&#8221;yes&#8221; content_placement=&#8221;middle&#8221; css=&#8221;.vc_custom_1708712268769{margin-top: 0px !important;margin-bottom: 0px !important;border-top-width: 0px !important;border-bottom-width: 0px !important;}&#8221;][vc_column css=&#8221;.vc_custom_1708712321363{background-position: center !important;background-repeat: no-repeat !important;background-size: cover !important;}&#8221;][vc_column_text] \u00bfCu\u00e1nto dura&#8230;<\/p>\n","protected":false},"author":1,"featured_media":0,"parent":0,"menu_order":0,"comment_status":"closed","ping_status":"closed","template":"","meta":{"footnotes":""},"class_list":["post-3506","page","type-page","status-publish","hentry"],"_links":{"self":[{"href":"https:\/\/olifecoach.com\/esp\/index.php\/wp-json\/wp\/v2\/pages\/3506","targetHints":{"allow":["GET"]}}],"collection":[{"href":"https:\/\/olifecoach.com\/esp\/index.php\/wp-json\/wp\/v2\/pages"}],"about":[{"href":"https:\/\/olifecoach.com\/esp\/index.php\/wp-json\/wp\/v2\/types\/page"}],"author":[{"embeddable":true,"href":"https:\/\/olifecoach.com\/esp\/index.php\/wp-json\/wp\/v2\/users\/1"}],"replies":[{"embeddable":true,"href":"https:\/\/olifecoach.com\/esp\/index.php\/wp-json\/wp\/v2\/comments?post=3506"}],"version-history":[{"count":1,"href":"https:\/\/olifecoach.com\/esp\/index.php\/wp-json\/wp\/v2\/pages\/3506\/revisions"}],"predecessor-version":[{"id":3507,"href":"https:\/\/olifecoach.com\/esp\/index.php\/wp-json\/wp\/v2\/pages\/3506\/revisions\/3507"}],"wp:attachment":[{"href":"https:\/\/olifecoach.com\/esp\/index.php\/wp-json\/wp\/v2\/media?parent=3506"}],"curies":[{"name":"wp","href":"https:\/\/api.w.org\/{rel}","templated":true}]}}