{"id":1739,"date":"2018-11-17T04:41:46","date_gmt":"2018-11-17T04:41:46","guid":{"rendered":"http:\/\/192.168.0.250\/business\/?page_id=1739"},"modified":"2024-05-11T23:27:18","modified_gmt":"2024-05-12T03:27:18","slug":"about-us","status":"publish","type":"page","link":"https:\/\/olifecoach.com\/esp\/index.php\/about-us\/","title":{"rendered":"QUI\u00c9N SOY"},"content":{"rendered":"<p>[vc_row equal_height=&#8221;yes&#8221; content_placement=&#8221;middle&#8221; css=&#8221;.vc_custom_1713236305737{margin-top: 100px !important;}&#8221;][vc_column css=&#8221;.vc_custom_1713236344088{margin-top: 0px !important;border-top-width: 0px !important;padding-top: 0px !important;background-position: center !important;background-repeat: no-repeat !important;background-size: cover !important;}&#8221;][vc_column_text css=&#8221;.vc_custom_1715484389871{margin-top: 0px !important;border-top-width: 0px !important;padding-top: 0px !important;}&#8221;]<\/p>\n<p style=\"text-align: justify;\"><span style=\"font-size: 24pt; font-family: 'Dancing Script'; color: #07434b;\"><strong><img loading=\"lazy\" decoding=\"async\" class=\"size-full wp-image-3423 alignright\" src=\"https:\/\/olifecoach.com\/wp-content\/uploads\/2024\/04\/500.jpg\" alt=\"\" width=\"500\" height=\"353\" srcset=\"https:\/\/olifecoach.com\/esp\/wp-content\/uploads\/2024\/04\/500.jpg 500w, https:\/\/olifecoach.com\/esp\/wp-content\/uploads\/2024\/04\/500-300x212.jpg 300w\" sizes=\"auto, (max-width: 500px) 100vw, 500px\" \/><span style=\"color: #158f80;\">Qui\u00e9n Soy<\/span><\/strong><br \/>\n<\/span><br \/>\nHe vivido en cuatro pa\u00edses diferentes, desde peque\u00f1a experiment\u00e9 que hay muchas formas de ver las cosas, que cada cultura tiene sus propios paradigmas y que cada individuo puede o no aceptarlos. Me enfrent\u00e9 al reto de reinventarme porque quien era en otros lugares ya no exist\u00eda, hoy este es uno de mis mayores tesoros. Tras a\u00f1os de observaci\u00f3n opt\u00e9 por hacer convivir mi constante deseo de crecimiento con mi capacidad de an\u00e1lisis, en este momento comenzo mi formaci\u00f3n como Life Coach.<\/p>\n<p>[\/vc_column_text][vc_column_text css=&#8221;.vc_custom_1715484407952{margin-top: 0px !important;border-top-width: 0px !important;padding-top: 0px !important;}&#8221;]<\/p>\n<p style=\"text-align: justify;\"><span style=\"color: #158f80;\"><strong><span style=\"font-size: 18pt; font-family: 'Dancing Script';\">Visi\u00f3n<\/span><\/strong><\/span><br \/>\nCreo en el poder de las experiencias dif\u00edciles, pero su verdadero valor es la conciencia que se adquiere. Utilizar estas situaciones aparentemente triviales, en las que en otros momentos s\u00f3lo se sufria y listo, como trampol\u00edn hacia nuevos niveles de conciencia.<\/p>\n<p style=\"text-align: justify;\"><span style=\"color: #158f80;\"><strong><span style=\"font-size: 18pt; font-family: 'Dancing Script';\">Misi\u00f3n<\/span><\/strong><\/span><br \/>\nCada elecci\u00f3n que hacemos da lugar a una serie de escenarios diferentes al que experimentamos el d\u00eda anterior. Hablamos de reconocer nuestra naturaleza creativa en el sentido m\u00e1s profundo de la palabra. Identificar los mecanismos mentales que nos hacen susceptibles, que nos ponen a la defensiva, y los que nos motivan, son los primeros pasos para conocer nuestro verdadero potencial.<br \/>\nEstudiar en detalle las experiencias m\u00e1s significativas, nos permite tener un trozo del mapa, vistas individualmente son peque\u00f1os cambios pero una vez que adoptamos el estilo de observar\/cuestionar\/evaluar lo que sucede en nuestro interior es una verdadera revoluci\u00f3n.<br \/>\nYa no habr\u00e1 certezas pero tampoco limitaciones.<\/p>\n<p>[\/vc_column_text][vc_column_text css=&#8221;.vc_custom_1715484420245{margin-top: 0px !important;border-top-width: 0px !important;padding-top: 0px !important;}&#8221;]<\/p>\n<p style=\"text-align: justify;\"><strong><span style=\"font-size: 28pt; font-family: 'Dancing Script'; color: #07434b;\"><img loading=\"lazy\" decoding=\"async\" class=\"size-full wp-image-3425 alignleft\" src=\"https:\/\/olifecoach.com\/wp-content\/uploads\/2024\/04\/500-2.jpg\" alt=\"\" width=\"500\" height=\"353\" srcset=\"https:\/\/olifecoach.com\/esp\/wp-content\/uploads\/2024\/04\/500-2.jpg 500w, https:\/\/olifecoach.com\/esp\/wp-content\/uploads\/2024\/04\/500-2-300x212.jpg 300w\" sizes=\"auto, (max-width: 500px) 100vw, 500px\" \/><span style=\"color: #158f80;\">\u00bfPor qu\u00e9 eleg\u00ed trabajar para ustedes?<\/span><\/span><\/strong><\/p>\n<p style=\"text-align: justify;\">Durante a\u00f1os he visto como personas brillantes se apagaban por no tener el valor de perseguir sus sue\u00f1os, deseos, ambiciones, metas, llam\u00e9moslas como queramos pero son las cosas que realmente importan. Ya basta de tener que escuchar: pero eso le pasa a todo el mundo, hace a\u00f1os que es as\u00ed, tienes que adaptarte, nunca encontrar\u00e1s el trabajo que te convenga, naciste as\u00ed y no puedes cambiarlo, STOP.<\/p>\n<p style=\"text-align: justify;\">Las cosas han cambiado, no estamos aqu\u00ed para conformarnos con lo que otros nos quieran &#8220;dar&#8221;, hemos venido a crear a vivir a experimentar, a fracasar, a alegrarnos, a crecer, a disfrutar.<\/p>\n<p style=\"text-align: justify;\">Debemos aprender a reconocer lo que nos hace \u00fanicos y entender lo que nos hace mover monta\u00f1as, somos una fuente inagotable de recursos, por eso eleg\u00ed hacer este trabajo. Tengo el honor de ayudar a todos aquellos que han decidido tomar las riendas de la situacion y perseguir la vida que merecen.<\/p>\n<p>[\/vc_column_text][vc_column_text]<strong>Si buscas un coach, ya has dado el paso m\u00e1s importante:<\/strong> creer que lo que deseas es posible, en este momento necesitas una estrategia para conseguir tu objetivo y esa es mi tarea.[\/vc_column_text][\/vc_column][\/vc_row][vc_row][vc_column][vc_column_text]<\/p>\n<p style=\"text-align: center;\"><span style=\"font-size: 24pt; font-family: 'Dancing Script'; color: #158f80;\"><strong>Por medio de herramientas espec\u00edficas lograr\u00edamos juntos:<\/strong><\/span><\/p>\n<ul style=\"text-align: justify;\">\n<li>Hacer una panor\u00e1mica de tu situaci\u00f3n actual, cada aspecto de tu vida tiene un papel espec\u00edfico en tu proyecto.<\/li>\n<li>Identificar cu\u00e1l de estos aspectos necesita tu intervenci\u00f3n inmediata. Qu\u00e9 cosas te han obstaculizado hasta ahora.<\/li>\n<li>C\u00e9ntrate en el objetivo, qu\u00e9 es lo que te impulsa en este momento?, entender por qu\u00e9?, de qu\u00e9 recursos dispones? \u00a0y c\u00f3mo ponerlos en pr\u00e1ctica.<\/li>\n<li>Establecer un plan de acci\u00f3n, en funci\u00f3n de tus necesidades y nivel de compromiso, prepara el plan con acciones concretas que te llevar\u00e1n a lograr tu objetivo.<\/li>\n<li>Seguimiento permanente de los progresos, nivel de satisfacci\u00f3n con los resultados parciales o microobjetivos. Reevaluaci\u00f3n y cambio de estrategia si es necesario.<\/li>\n<li>An\u00e1lisis completo del plan, evaluaci\u00f3n de los resultados.<\/li>\n<\/ul>\n<p style=\"text-align: justify;\">Ser\u00e1 mi tarea ofrecerte el espacio y el tiempo necesarios para abordar cada aspecto implicado en tus elecciones, apoyarte en la identificaci\u00f3n de tus competencias, e identificar la manera m\u00e1s eficaz de ponerlas al servicio de tu objetivo.<\/p>\n<p>[\/vc_column_text][\/vc_column][\/vc_row]<\/p>\n","protected":false},"excerpt":{"rendered":"<p>[vc_row equal_height=&#8221;yes&#8221; content_placement=&#8221;middle&#8221; css=&#8221;.vc_custom_1713236305737{margin-top: 100px !important;}&#8221;][vc_column css=&#8221;.vc_custom_1713236344088{margin-top: 0px !important;border-top-width: 0px !important;padding-top: 0px !important;background-position: center !important;background-repeat: no-repeat !important;background-size: cover !important;}&#8221;][vc_column_text css=&#8221;.vc_custom_1715484389871{margin-top: 0px !important;border-top-width:&#8230;<\/p>\n","protected":false},"author":1,"featured_media":0,"parent":0,"menu_order":0,"comment_status":"closed","ping_status":"closed","template":"","meta":{"footnotes":""},"class_list":["post-1739","page","type-page","status-publish","hentry"],"_links":{"self":[{"href":"https:\/\/olifecoach.com\/esp\/index.php\/wp-json\/wp\/v2\/pages\/1739","targetHints":{"allow":["GET"]}}],"collection":[{"href":"https:\/\/olifecoach.com\/esp\/index.php\/wp-json\/wp\/v2\/pages"}],"about":[{"href":"https:\/\/olifecoach.com\/esp\/index.php\/wp-json\/wp\/v2\/types\/page"}],"author":[{"embeddable":true,"href":"https:\/\/olifecoach.com\/esp\/index.php\/wp-json\/wp\/v2\/users\/1"}],"replies":[{"embeddable":true,"href":"https:\/\/olifecoach.com\/esp\/index.php\/wp-json\/wp\/v2\/comments?post=1739"}],"version-history":[{"count":52,"href":"https:\/\/olifecoach.com\/esp\/index.php\/wp-json\/wp\/v2\/pages\/1739\/revisions"}],"predecessor-version":[{"id":3251,"href":"https:\/\/olifecoach.com\/esp\/index.php\/wp-json\/wp\/v2\/pages\/1739\/revisions\/3251"}],"wp:attachment":[{"href":"https:\/\/olifecoach.com\/esp\/index.php\/wp-json\/wp\/v2\/media?parent=1739"}],"curies":[{"name":"wp","href":"https:\/\/api.w.org\/{rel}","templated":true}]}}