{"id":140,"date":"2018-11-07T06:44:20","date_gmt":"2018-11-07T06:44:20","guid":{"rendered":"http:\/\/192.168.0.250\/business\/?page_id=140"},"modified":"2025-09-01T03:40:37","modified_gmt":"2025-09-01T07:40:37","slug":"home-2","status":"publish","type":"page","link":"https:\/\/olifecoach.com\/esp\/","title":{"rendered":"Home"},"content":{"rendered":"<p>[vc_row full_width=&#8221;stretch_row&#8221; content_placement=&#8221;middle&#8221; css=&#8221;.vc_custom_1717555037334{padding-top: 5px !important;padding-bottom: 5px !important;background-color: #07434b !important;background-position: center !important;background-repeat: no-repeat !important;background-size: cover !important;}&#8221; el_class=&#8221;home2-testimonial&#8221;][vc_column][vc_column_text]<\/p>\n<p style=\"text-align: center;\"><span style=\"color: #fd5e02; font-size: 13pt;\"><img loading=\"lazy\" decoding=\"async\" class=\"aligncenter wp-image-3500\" src=\"https:\/\/olifecoach.com\/esp\/wp-content\/uploads\/2024\/07\/melissa-500.png\" alt=\"\" width=\"150\" height=\"91\" srcset=\"https:\/\/olifecoach.com\/esp\/wp-content\/uploads\/2024\/07\/melissa-500.png 500w, https:\/\/olifecoach.com\/esp\/wp-content\/uploads\/2024\/07\/melissa-500-300x181.png 300w, https:\/\/olifecoach.com\/esp\/wp-content\/uploads\/2024\/07\/melissa-500-255x157.png 255w\" sizes=\"auto, (max-width: 150px) 100vw, 150px\" \/><span style=\"color: #f5a503;\">Del cambio de perspectiva al cambio de percepci\u00f3n<\/span><\/span><\/p>\n<p style=\"text-align: center;\"><span style=\"color: #ffffff; font-size: 14pt;\">Me dirijo a hombres y mujeres que han decidido alcanzar sus objetivos, ya sea en el \u00e1mbito profesional o personal, la b\u00fasqueda de un cambio f\u00edsico, mental, aumentar la performance. Cada reto es una oportunidad para alcanzar nuevos niveles de conciencia.<\/span><\/p>\n<p>[\/vc_column_text][\/vc_column][\/vc_row][vc_section full_width=&#8221;stretch_row&#8221; css=&#8221;.vc_custom_1714321276477{margin-top: 80px !important;background-image: url(https:\/\/olifecoach.com\/wp-content\/uploads\/2024\/04\/bg2.png?id=3405) !important;background-position: center !important;background-repeat: no-repeat !important;background-size: cover !important;}&#8221;][vc_row css_animation=&#8221;none&#8221;][vc_column width=&#8221;1\/2&#8243;][vc_column_text]<img loading=\"lazy\" decoding=\"async\" class=\"wp-image-3408 aligncenter\" src=\"https:\/\/olifecoach.com\/wp-content\/uploads\/2024\/04\/f-001-150x150.jpg\" alt=\"\" width=\"450\" height=\"530\" srcset=\"https:\/\/olifecoach.com\/esp\/wp-content\/uploads\/2024\/04\/f-001-255x300.jpg 255w, https:\/\/olifecoach.com\/esp\/wp-content\/uploads\/2024\/04\/f-001.jpg 650w\" sizes=\"auto, (max-width: 450px) 100vw, 450px\" \/>[\/vc_column_text][\/vc_column][vc_column css_animation=&#8221;fadeInRight&#8221; width=&#8221;1\/2&#8243; css=&#8221;.vc_custom_1711342742933{padding-top: 30px !important;}&#8221;]\n        <div class=\"rs-heading   vc_custom_1717555067926 finance-respons text-center\">\n        \t<div class=\"title-inner\">\n\t            \n\t            \n\t            \n\t        <\/div><div class=\"description\"><p ><\/p>\n<p style=\"text-align: center;\"><span style=\"font-size: 24pt; font-family: 'Dancing Script'; color: #07434b;\">Encontrar\u00e1s conmigo el espacio y el tiempo que necesitas para centrarte<\/span><\/p>\n<p style=\"text-align: center;\"><span style=\"font-size: 14pt;\">Si buscas un coach, ya has dado el paso m\u00e1s importante: creer que lo que deseas es posible, en este momento necesitas una estrategia para conseguir tu objetivo y esa es mi tarea.<\/span><\/p>\n<p><\/p><\/div><\/div>[vc_btn title=&#8221;Aqu\u00ed tienes el segundo paso&#8221; style=&#8221;custom&#8221; custom_background=&#8221;#b3541c&#8221; custom_text=&#8221;#ffffff&#8221; shape=&#8221;square&#8221; align=&#8221;center&#8221; button_block=&#8221;true&#8221; link=&#8221;url:https%3A%2F%2Folifecoach.com%2Fesp%2Findex.php%2Fcoaching%2F|||&#8221;][\/vc_column][\/vc_row][vc_row][vc_column css_animation=&#8221;fadeInRight&#8221; width=&#8221;1\/2&#8243; css=&#8221;.vc_custom_1711344059945{padding-top: 35px !important;}&#8221;]\n        <div class=\"rs-heading   vc_custom_1717555080938 finance-respons text-center\">\n        \t<div class=\"title-inner\">\n\t            \n\t            \n\t            \n\t        <\/div><div class=\"description\"><p ><span style=\"font-size: 24pt; font-family: 'Dancing Script';\"><span style=\"color: #07434b;\">Hola, me llamo Melissa, tengo 38 a\u00f1os, soy madre, esposa, ingeniera y coach.<\/span><br \/>\n<\/span><br \/>\n<span style=\"font-size: 14pt;\">Hoy, mi experiencia en el mundo claramente racional y anal\u00edtico de la ingenier\u00eda est\u00e1 al servicio de tu evoluci\u00f3n personal. Me form\u00e9 como coach a trav\u00e9s del European Coach &amp; NLP Program de la academia Allenati per l\u2019eccellenza.<br \/>\n<\/span><br \/>\n<span style=\"font-size: 14pt;\">Soy miembro de la ICF (International Coaching Federation) y actualmente trabajo como aut\u00f3noma en el campo del Life Coaching.<\/span><\/p><\/div><\/div>[\/vc_column][vc_column width=&#8221;1\/2&#8243; css=&#8221;.vc_custom_1711339189208{margin-top: -100px !important;padding-top: -90px !important;}&#8221;][vc_column_text]<img loading=\"lazy\" decoding=\"async\" class=\"wp-image-3410 aligncenter\" src=\"https:\/\/olifecoach.com\/wp-content\/uploads\/2024\/04\/melissa-001-150x150.jpg\" alt=\"\" width=\"450\" height=\"530\" srcset=\"https:\/\/olifecoach.com\/esp\/wp-content\/uploads\/2024\/04\/melissa-001-255x300.jpg 255w, https:\/\/olifecoach.com\/esp\/wp-content\/uploads\/2024\/04\/melissa-001.jpg 650w\" sizes=\"auto, (max-width: 450px) 100vw, 450px\" \/>[\/vc_column_text][\/vc_column][\/vc_row][vc_row][vc_column css=&#8221;.vc_custom_1711339513335{margin-top: 30px !important;margin-bottom: 30px !important;}&#8221;][vc_column_text]<\/p>\n<p style=\"text-align: center;\"><span style=\"color: #07434b;\"><strong><span style=\"font-size: 32pt; font-family: 'Dancing Script';\">Este viaje es fenomenal, vamos\u2026<\/span><\/strong><\/span><\/p>\n<p>[\/vc_column_text][\/vc_column][\/vc_row][\/vc_section]<\/p>\n","protected":false},"excerpt":{"rendered":"<p>[vc_row full_width=&#8221;stretch_row&#8221; content_placement=&#8221;middle&#8221; css=&#8221;.vc_custom_1717555037334{padding-top: 5px !important;padding-bottom: 5px !important;background-color: #07434b !important;background-position: center !important;background-repeat: no-repeat !important;background-size: cover !important;}&#8221; el_class=&#8221;home2-testimonial&#8221;][vc_column][vc_column_text] Del cambio de perspectiva al&#8230;<\/p>\n","protected":false},"author":1,"featured_media":0,"parent":0,"menu_order":0,"comment_status":"closed","ping_status":"closed","template":"","meta":{"footnotes":""},"class_list":["post-140","page","type-page","status-publish","hentry"],"_links":{"self":[{"href":"https:\/\/olifecoach.com\/esp\/index.php\/wp-json\/wp\/v2\/pages\/140","targetHints":{"allow":["GET"]}}],"collection":[{"href":"https:\/\/olifecoach.com\/esp\/index.php\/wp-json\/wp\/v2\/pages"}],"about":[{"href":"https:\/\/olifecoach.com\/esp\/index.php\/wp-json\/wp\/v2\/types\/page"}],"author":[{"embeddable":true,"href":"https:\/\/olifecoach.com\/esp\/index.php\/wp-json\/wp\/v2\/users\/1"}],"replies":[{"embeddable":true,"href":"https:\/\/olifecoach.com\/esp\/index.php\/wp-json\/wp\/v2\/comments?post=140"}],"version-history":[{"count":112,"href":"https:\/\/olifecoach.com\/esp\/index.php\/wp-json\/wp\/v2\/pages\/140\/revisions"}],"predecessor-version":[{"id":3516,"href":"https:\/\/olifecoach.com\/esp\/index.php\/wp-json\/wp\/v2\/pages\/140\/revisions\/3516"}],"wp:attachment":[{"href":"https:\/\/olifecoach.com\/esp\/index.php\/wp-json\/wp\/v2\/media?parent=140"}],"curies":[{"name":"wp","href":"https:\/\/api.w.org\/{rel}","templated":true}]}}